{"id":1176,"date":"2025-02-10T12:55:58","date_gmt":"2025-02-10T12:55:58","guid":{"rendered":"https:\/\/www.taservices.com\/?page_id=1176"},"modified":"2025-07-22T08:36:30","modified_gmt":"2025-07-22T08:36:30","slug":"cross-border-mexico","status":"publish","type":"page","link":"https:\/\/www.taservices.com\/es\/cross-border-mexico\/","title":{"rendered":"Cross Border Mexico"},"content":{"rendered":"<img decoding=\"async\" src=\"https:\/\/www.taservices.com\/wp-content\/uploads\/2025\/07\/US-MEX.jpg\" alt=\"US-MEX\" itemprop=\"image\" height=\"120\" width=\"325\" title=\"US-MEX\" onerror=\"this.style.display='none'\" loading=\"lazy\" \/>\n<h1>\n\t\t\tHacer la frontera<br \/>Transparente\t<\/h1>\n\t<p>Log\u00edstica transfronteriza entre M\u00e9xico y EE.UU., gestionada.<\/p>\n\t<p>No Delays. Just Peak Performance. Border bottlenecks don&#8217;t stand a chance. With strategic hubs in Laredo, Monterrey, and El Paso &#8211; and a bilingual team engineered for speed &#8211; we deliver seamless, USMCA-compliant solutions that keep your production line running at full throttle. Fast. Smooth. Relentless.<\/p>\n\t\t\t<a href=\"https:\/\/www.taservices.com\/contact-us\/\" target=\"_self\">\n\t\t\t\t\t\t\tReserve su estrategia transfronteriza ganadora\n\t\t\t\t\t<\/a>\n\t\t\t\t<img decoding=\"async\" src=\"https:\/\/www.taservices.com\/wp-content\/uploads\/2025\/07\/Frame-7116.svg\" alt=\"Frame-7116\" itemprop=\"image\" height=\"50\" width=\"50\" title=\"Marco-7116\" onerror=\"this.style.display='none'\" loading=\"lazy\" \/>\n\t<p>Visado B1, certificado USMCA y CTPAT<\/p>\n\t\t\t\t<img decoding=\"async\" src=\"https:\/\/www.taservices.com\/wp-content\/uploads\/2025\/07\/like-2.svg\" alt=\"like-2\" itemprop=\"image\" height=\"52\" width=\"52\" title=\"como-2\" onerror=\"this.style.display='none'\" loading=\"lazy\" \/>\n\t<p>Asociaciones entre aduanas y agentes de aduanas<\/p>\n\t\t\t\t<img decoding=\"async\" src=\"https:\/\/www.taservices.com\/wp-content\/uploads\/2025\/07\/iconsax-shield-tick.svg\" alt=\"iconsax-shield-tick\" itemprop=\"image\" height=\"52\" width=\"52\" title=\"iconsax-shield-tick\" onerror=\"this.style.display='none'\" loading=\"lazy\" \/>\n\t<p>Seguridad ante todo para el transporte de mercanc\u00edas de gran valor<\/p>\n<h2>\n\t\t\t\/ Mexico, Without the Delays.\t<\/h2>\n<h3>\n\t\t\tVelocidad. Conformidad. Dominio.\t<\/h3>\n\t<p>In automotive logistics, every second counts. When components cross the border up to seven times before final assembly, speed isn&#8217;t a luxury-it&#8217;s your edge.<\/p>\n\t<p>TA Services removes the friction, so your shipments move like the border isn&#8217;t even there.<\/p>\n\t\t\t\t<img decoding=\"async\" src=\"https:\/\/www.taservices.com\/wp-content\/uploads\/2025\/07\/hugeicons_translate.svg\" alt=\"hugeicons_translate\" itemprop=\"image\" height=\"52\" width=\"52\" title=\"hugeicons_translate\" onerror=\"this.style.display='none'\" loading=\"lazy\" \/>\n\t<p><strong>Gerentes de cuentas biling\u00fces<\/strong> en Monterrey, Laredo, El Paso y Dallas para una comunicaci\u00f3n transfronteriza fluida, con dominio del espa\u00f1ol y profundo conocimiento de la normativa de ambos lados.<\/p>\n\t\t\t\t<img decoding=\"async\" src=\"https:\/\/www.taservices.com\/wp-content\/uploads\/2025\/07\/iconsax-timer-start.svg\" alt=\"iconsax-timer-start\" itemprop=\"image\" height=\"52\" width=\"53\" title=\"iconsax-timer-start\" onerror=\"this.style.display='none'\" loading=\"lazy\" \/>\n\t<p><strong>Certificado de visado B1 y aprobado por el CTPAT<\/strong> que reducen el tiempo de espera en las aduanas estadounidenses de 15 minutos a tan solo 15 segundos.<\/p>\n\t\t\t\t<img decoding=\"async\" src=\"https:\/\/www.taservices.com\/wp-content\/uploads\/2025\/07\/like.svg\" alt=\"like\" itemprop=\"image\" height=\"52\" width=\"52\" title=\"como\" onerror=\"this.style.display='none'\" loading=\"lazy\" \/>\n\t<p><strong>Asociaciones con agentes aduaneros<\/strong> para agilizar el cumplimiento y reducir la burocracia.<\/p>\n\t\t\t\t<img decoding=\"async\" src=\"https:\/\/www.taservices.com\/wp-content\/uploads\/2025\/07\/iconsax-shield-tick-3.svg\" alt=\"iconsax-shield-tick-3\" itemprop=\"image\" height=\"52\" width=\"53\" title=\"iconsax-escudo-tick-3\" onerror=\"this.style.display='none'\" loading=\"lazy\" \/>\n\t<p><strong>Seguridad ante todo<\/strong> para cargas de gran valor, con cobertura de seguro, transportistas acreditados y protecci\u00f3n de convoyes cuando sea necesario.<\/p>\n\t\t\t\t<img decoding=\"async\" src=\"https:\/\/www.taservices.com\/wp-content\/uploads\/2025\/07\/trend-up.svg\" alt=\"trend-up\" itemprop=\"image\" height=\"52\" width=\"52\" title=\"tendencia al alza\" onerror=\"this.style.display='none'\" loading=\"lazy\" \/>\n\t<p><strong>Consolidaci\u00f3n LTL<\/strong> y agrupaci\u00f3n de remolques que minimiza el tiempo de inactividad y maximiza la eficiencia.<\/p>\n\t\t\t\t<img decoding=\"async\" src=\"https:\/\/www.taservices.com\/wp-content\/uploads\/2025\/07\/map.svg\" alt=\"map\" itemprop=\"image\" height=\"52\" width=\"53\" title=\"mapa\" onerror=\"this.style.display='none'\" loading=\"lazy\" \/>\n\t<p><strong>Strategic locations along the U.S.-Mexico border-<\/strong>designed to eliminate bottlenecks and optimize flow.<\/p>\n\t<p><strong>A diferencia de los intermediarios tradicionales, TA Services le ofrece un control total, visibilidad de principio a fin y la ventaja de rendimiento que sus competidores desear\u00edan tener.<\/strong><\/p>\n<h2>\n\t\t\t\/ Where You Need Us. <br \/>Cuando importa.\t<\/h2>\n<h3>\n\t\t\tCentros estrat\u00e9gicos.\t<\/h3>\n<h3>\n\t\t\tAsistencia 24\/7.\t<\/h3>\n<h3>\n\t\t\tTotal U.S.-Mexico coverage.\t<\/h3>\n\t\t\t\t<img decoding=\"async\" src=\"https:\/\/www.taservices.com\/wp-content\/uploads\/2025\/07\/Frame-7118.svg\" alt=\"Frame-7118\" itemprop=\"image\" height=\"535\" width=\"801\" title=\"Frame-7118\" onerror=\"this.style.display='none'\" loading=\"lazy\" \/>\n<h3>\n\t\t\tTerminales y cobertura en todo M\u00e9xico\t<\/h3>\n\t<ul>\n<li>Ciudad de M\u00e9xico<\/li>\n<\/ul>\n\t<ul>\n<li>Guadalajara<\/li>\n<\/ul>\n\t<ul>\n<li>Puebla<\/li>\n<\/ul>\n\t<ul>\n<li>Celaya<\/li>\n<\/ul>\n\t<ul>\n<li>Monterrey<\/li>\n<\/ul>\n\t<ul>\n<li>Quer\u00e9taro<\/li>\n<\/ul>\n\t<ul>\n<li>Ciudad Ju\u00e1rez<\/li>\n<\/ul>\n\t<ul>\n<li>Nuevo Laredo<\/li>\n<\/ul>\n\t<ul>\n<li>San Luis Potos\u00ed<\/li>\n<\/ul>\n\t<ul>\n<li>Chihuahua<\/li>\n<\/ul>\n<h3>\n\t\t\tPuntos operativos fronterizos\t<\/h3>\n\t<ul>\n<li>Brownsville, TX<\/li>\n<\/ul>\n\t<ul>\n<li>Del Rio, TX<\/li>\n<\/ul>\n\t<ul>\n<li>McAllen, TX<\/li>\n<\/ul>\n\t<ul>\n<li>El Paso, TX<\/li>\n<\/ul>\n\t<ul>\n<li>Laredo, TX<\/li>\n<\/ul>\n<h2>\n\t\t\t\/ Certified. Compliant. Seamless.\t<\/h2>\n\t<p>In cross-border logistics, compliance isn&#8217;t a bonus-it&#8217;s the baseline.<\/p>\n\t<p>TA Services aporta escala, fiabilidad y rendimiento para mantener su producci\u00f3n en movimiento y sus operaciones a la cabeza.<\/p>\n<h3>\n\t\t\t315K+ loads shipped in 2024\t<\/h3>\n\t<p>Un historial probado de entregas puntuales de gran volumen.<\/p>\n<h3>\n\t\t\t95% customer retention\t<\/h3>\n\t<p>Asociaciones a largo plazo basadas en el rendimiento y la confianza.<\/p>\n<h3>\n\t\t\t1.8B miles traveled\t<\/h3>\n\t<p>Soluciones fiables de transporte de mercanc\u00edas a gran escala.<\/p>\n<h3>\n\t\t\t99% claim-free rate\t<\/h3>\n\t<p>Env\u00edos seguros y sin da\u00f1os, siempre.<\/p>\n\t\t\t\t<img decoding=\"async\" src=\"https:\/\/www.taservices.com\/wp-content\/uploads\/2025\/02\/medal-star.svg\" alt=\"medal-star\" itemprop=\"image\" height=\"42\" width=\"42\" title=\"medalla-estrella\" onerror=\"this.style.display='none'\" loading=\"lazy\" \/>\n<h4>\n\t\t\tUSMCA &#038; CTPAT-Certified\t<\/h4>\n\t<p>Siempre listos para la auditor\u00eda, siempre a tiempo<\/p>\n\t\t\t\t<img decoding=\"async\" src=\"https:\/\/www.taservices.com\/wp-content\/uploads\/2025\/02\/like-shapes.svg\" alt=\"like-shapes\" itemprop=\"image\" height=\"42\" width=\"42\" title=\"formas similares\" onerror=\"this.style.display='none'\" loading=\"lazy\" \/>\n<h4>\n\t\t\tTop 100 de proveedores 3PL\t<\/h4>\n\t<p>Reconocida por su excelencia log\u00edstica en toda Norteam\u00e9rica<\/p>\n\t\t\t\t<img decoding=\"async\" src=\"https:\/\/www.taservices.com\/wp-content\/uploads\/2025\/02\/global.svg\" alt=\"global\" itemprop=\"image\" height=\"42\" width=\"42\" title=\"global\" onerror=\"this.style.display='none'\" loading=\"lazy\" \/>\n<h4>\n\t\t\tUna flota transfronteriza imparable\t<\/h4>\n\t<p>M\u00e1s de 10.000 activos de camiones. 1.625 conductores con certificaci\u00f3n B1. Una creciente red de transportistas de confianza en M\u00e9xico.<\/p>\n<h2>\n\t\t\t\/ Real Results: From Border Bottlenecks to Peak Performance\t<\/h2>\n\t<p>C\u00f3mo TA Services ayud\u00f3 a un fabricante mundial de autom\u00f3viles a ganar en log\u00edstica transfronteriza<\/p>\n\t<p>Cuando un importante fabricante de piezas de autom\u00f3viles se top\u00f3 con el obst\u00e1culo de los retrasos en las fronteras, la fragmentaci\u00f3n de los transportistas y el aumento de los costes, necesitaban algo m\u00e1s que un intermediario: necesitaban un socio log\u00edstico dise\u00f1ado para la velocidad.<\/p>\n<h3>\n\t\t\tServicios de AT prestados.\t<\/h3>\n\t\t\t\t<img decoding=\"async\" src=\"https:\/\/www.taservices.com\/wp-content\/uploads\/2025\/07\/trend-up.svg\" alt=\"trend-up\" itemprop=\"image\" height=\"52\" width=\"52\" title=\"tendencia al alza\" onerror=\"this.style.display='none'\" loading=\"lazy\" \/>\n\t<p><strong>22,4% de aumento de la precisi\u00f3n del inventario<\/strong> uso de herramientas de visibilidad en tiempo real<\/p>\n\t\t\t\t<img decoding=\"async\" src=\"https:\/\/www.taservices.com\/wp-content\/uploads\/2025\/07\/iconsax-timer-start.svg\" alt=\"iconsax-timer-start\" itemprop=\"image\" height=\"52\" width=\"53\" title=\"iconsax-timer-start\" onerror=\"this.style.display='none'\" loading=\"lazy\" \/>\n\t<p><strong>Despacho de aduanas en 15 segundos<\/strong> con visado B1 + conductores certificados CTPAT<\/p>\n\t\t\t\t<img decoding=\"async\" src=\"https:\/\/www.taservices.com\/wp-content\/uploads\/2025\/07\/iconsax-truck-fast.svg\" alt=\"iconsax-truck-fast\" itemprop=\"image\" height=\"52\" width=\"53\" title=\"iconsax-truck-fast\" onerror=\"this.style.display='none'\" loading=\"lazy\" \/>\n\t<p><strong>One unified supply chain-<\/strong>optimized for speed, resilience, transparency, and growth<\/p>\n\t\t\t<a href=\"https:\/\/www.taservices.com\/contact-us\/\" target=\"_self\">\n\t\t\t\t\t\t\tReserve su estrategia transfronteriza ganadora\n\t\t\t\t\t<\/a>\n<h2>\n\t\t\t\/ Why  US?\t<\/h2>\n<h3>\n\t\t\tD\u00f3nde se crean las cadenas de suministro ganadoras.\t<\/h3>\n\t\t\t\t<img decoding=\"async\" src=\"https:\/\/www.taservices.com\/wp-content\/uploads\/2025\/02\/Frame-74.svg\" alt=\"Frame 74\" itemprop=\"image\" height=\"53\" width=\"65\" title=\"Cuadro 74\" onerror=\"this.style.display='none'\" loading=\"lazy\" \/>\n<h3>\n\t\t\tExperiencia en log\u00edstica cross-border.\t<\/h3>\n\t<p>Desde materiales en dep\u00f3sito aduanero hasta mercanc\u00edas peligrosas, nos encargamos de todo, con el apoyo de equipos biling\u00fces expertos en aduanas, conductores con certificaci\u00f3n B1 y asistencia 24 horas al d\u00eda, 7 d\u00edas a la semana, en corretaje y almac\u00e9n a ambos lados de la frontera.<\/p>\n\t\t\t\t<img decoding=\"async\" src=\"https:\/\/www.taservices.com\/wp-content\/uploads\/2025\/07\/iconsax-box.svg\" alt=\"iconsax-box\" itemprop=\"image\" height=\"52\" width=\"65\" title=\"iconsax-box\" onerror=\"this.style.display='none'\" loading=\"lazy\" \/>\n<h3>\n\t\t\tConsolidaci\u00f3n inteligente\t<\/h3>\n\t<p>Estrategias personalizadas de LTL y agrupaci\u00f3n de remolques para optimizar los costes, la velocidad y la complejidad de las SKU, respaldadas por almacenes estrat\u00e9gicamente situados en EE.UU. y M\u00e9xico.<\/p>\n\t\t\t\t<img decoding=\"async\" src=\"https:\/\/www.taservices.com\/wp-content\/uploads\/2025\/07\/iconsax-eye.svg\" alt=\"iconsax-eye\" itemprop=\"image\" height=\"52\" width=\"65\" title=\"iconsax-ojo\" onerror=\"this.style.display='none'\" loading=\"lazy\" \/>\n<h3>\n\t\t\tIntegraci\u00f3n de la tecnolog\u00eda\t<\/h3>\n\t<p>Visibilidad de extremo a extremo, seguimiento en tiempo real e informaci\u00f3n predictiva<\/p>\n\t\t\t\t<img decoding=\"async\" src=\"https:\/\/www.taservices.com\/wp-content\/uploads\/2025\/07\/iconsax-presentation-chart.svg\" alt=\"iconsax-presentation-chart\" itemprop=\"image\" height=\"52\" width=\"65\" title=\"iconsax-presentation-chart\" onerror=\"this.style.display='none'\" loading=\"lazy\" \/>\n<h3>\n\t\t\tSoporte escalable\t<\/h3>\n\t<p>Tanto si env\u00eda componentes como subconjuntos completos, nos adaptamos a su demanda.<\/p>\n\t\t\t\t<img decoding=\"async\" src=\"https:\/\/www.taservices.com\/wp-content\/uploads\/2025\/07\/iconsax-shield-tick.svg\" alt=\"iconsax-shield-tick\" itemprop=\"image\" height=\"52\" width=\"52\" title=\"iconsax-shield-tick\" onerror=\"this.style.display='none'\" loading=\"lazy\" \/>\n<h3>\n\t\t\tSecurity &#038; Insurance\t<\/h3>\n\t<p>\u00bfCargas de gran valor? No hay problema. Ofrecemos soluciones de seguro personalizadas a ambos lados de la frontera, adem\u00e1s de opciones de convoy seguro y una red de transportistas certificados para mayor tranquilidad.<\/p>\n<h2>\n\t\t\t\/ Cross Borders<br \/>Como un campe\u00f3n\t<\/h2>\n        1\n        \/\n        0\n        <a href=\"#\" id=\"prev\">\n        <\/a>\n        <a href=\"\" id=\"next\">\n        <\/a>\n\t<p>Ten\u00edamos un env\u00edo urgente desde M\u00e9xico que deb\u00eda llegar r\u00e1pidamente a Columbus, Indiana. TA Services no s\u00f3lo cumpli\u00f3 todos los plazos, sino que los super\u00f3. La carga lleg\u00f3 antes de lo esperado y mantuvimos la l\u00ednea de producci\u00f3n en funcionamiento. Su fiabilidad, comunicaci\u00f3n y actualizaciones proactivas son inigualables. Con TA, nunca tengo que preocuparme.<\/p>\n<h3>\n\t\t\t&#8220;I know my freight is in good hands-and so am I.&#8221;\t<\/h3>\n<h4>\n\t\t\t\u00a0Tricia Haase, Directora Asociada, Uber Freight\t<\/h4>\n\t<p>TA replies on time, stays fully aware of every shipment, and even maintains great relationships with our shippers. When a shipment was critical, they called me every 30 minutes with updates. I&#8217;ve never experienced a delay that caused production downtime or monetary impact. Once TA has my schedule, I know I can relax-they&#8217;ll take it from there. Their bilingual support teams in both the U.S. and Mexico always step in where it matters.<\/p>\n<h3>\n\t\t\t&#8220;With TA, I stay updated every step of the way-and my production line never misses a beat.&#8221;\t<\/h3>\n<h4>\n\t\t\tJorge Rosales Ruiz, Transportation &#038; Customs, Continental San Luis Potos\u00ed\t<\/h4>\n\t<p>TA Services nos proporciona informes en tiempo real y una comunicaci\u00f3n constante, lo que nos ayuda a supervisar las llegadas de material con confianza. Un env\u00edo urgente se traslad\u00f3 de Cambridge (Canad\u00e1) a nuestro almac\u00e9n de Laredo (Texas) en s\u00f3lo tres d\u00edas laborables, incluido el despacho de aduanas. La puntualidad de su 92% ha simplificado las operaciones y superado nuestras expectativas. Adem\u00e1s, su asistencia biling\u00fce facilita la comunicaci\u00f3n tanto con nuestro equipo como con los proveedores de forma impecable.<\/p>\n<h3>\n\t\t\t&#8220;Three days. Two borders. Zero delays.&#8221;\t<\/h3>\n<h4>\n\t\t\tJos\u00e9 Francisco Ibarra, Especialista en Tr\u00e1fico, Hope Global\t<\/h4>\n\t\t\t<a href=\"https:\/\/www.taservices.com\/contact-us\/\" target=\"_self\">\n\t\t\t\t\t\t\tDesbloquee su ruta m\u00e1s r\u00e1pida a M\u00e9xico\n\t\t\t\t\t<\/a>\n<h2>\n\t\t\tCont\u00e1ctanos\t<\/h2>\n                <form method='post' enctype='multipart\/form-data'  id='gform_11'  action='https:\/\/www.taservices.com\/es\/cross-border-mexico\/?fl_builder&#038;fl_builder_ui_iframe' data-formid='11' novalidate data-trp-original-action=\"https:\/\/www.taservices.com\/cross-border-mexico\/?fl_builder&#038;fl_builder_ui_iframe\">\n                        <label class='gfield_label gform-field-label' for='input_11_1'>Name(Required)<\/label><input name='input_1' id='input_11_1' type='text' value='' class='large'    placeholder='Nombre*' aria-required=\"true\" aria-invalid=\"false\"   \/><label class='gfield_label gform-field-label' for='input_11_3'>Phone(Required)<\/label><input name='input_3' id='input_11_3' type='tel' value='' class='large'  placeholder='Tel\u00e9fono*' aria-required=\"true\" aria-invalid=\"false\"   \/><label class='gfield_label gform-field-label' for='input_11_4'>Email(Required)<\/label>\n                            <input name='input_4' id='input_11_4' type='email' value='' class='large'   placeholder='Correo Electr\u00f3nico*' aria-required=\"true\" aria-invalid=\"false\"  \/>\n                        <label class='gfield_label gform-field-label' for='input_11_5'>\u00bfAlg\u00fan requisito especial?<\/label><textarea name='input_5' id='input_11_5' class='textarea small'    placeholder='\u00bfAlg\u00fan requisito especial?'  aria-invalid=\"false\"   rows='10' cols='50'><\/textarea><input type='submit' id='gform_submit_button_11' class='gform-button gform-button--white  button gform-button--width-full' onclick='gform.submission.handleButtonClick(this);' data-submission-type='submit' value='Cont\u00e1ctanos'  \/>\n            <input type='hidden' class='gform_hidden' name='gform_submission_method' data-js='gform_submission_method_11' value='postback' \/>\n            <input type='hidden' class='gform_hidden' name='gform_theme' data-js='gform_theme_11' id='gform_theme_11' value='gravity-theme' \/>\n            <input type='hidden' class='gform_hidden' name='gform_style_settings' data-js='gform_style_settings_11' id='gform_style_settings_11' value='[]' \/>\n            <input type='hidden' class='gform_hidden' name='is_submit_11' value='1' \/>\n            <input type='hidden' class='gform_hidden' name='gform_submit' value='11' \/>\n            <input type='hidden' class='gform_hidden' name='gform_unique_id' value='' \/>\n            <input type='hidden' class='gform_hidden' name='state_11' value='WyJbXSIsImNmY2MzMDFiZWU0ZjI4YWI1Y2I5MThmMTE4MTA5NDVlIl0=' \/>\n            <input type='hidden' autocomplete='off' class='gform_hidden' name='gform_target_page_number_11' id='gform_target_page_number_11' value='0' \/>\n            <input type='hidden' autocomplete='off' class='gform_hidden' name='gform_source_page_number_11' id='gform_source_page_number_11' value='1' \/>\n            <input type='hidden' name='gform_field_values' value='' \/>\n                        <label>&#916;<textarea name=\"ak_hp_textarea\" cols=\"45\" rows=\"8\" maxlength=\"100\"><\/textarea><\/label><input type=\"hidden\" id=\"ak_js_1\" name=\"ak_js\" value=\"234\"\/><input type=\"hidden\" name=\"trp-form-language\" value=\"es\"\/><\/form>","protected":false},"excerpt":{"rendered":"<p>Making the BorderTransparent Cross-border logistics between Mexico and the U.S., handled. No Delays. Just Peak Performance. Border bottlenecks don&#8217;t stand a chance. With strategic hubs in Laredo, Monterrey, and El Paso &#8211; and a bilingual team engineered for speed &#8211; we deliver seamless, USMCA-compliant solutions that keep your production line running at full throttle. Fast.&hellip;<\/p>","protected":false},"author":4,"featured_media":0,"parent":0,"menu_order":0,"comment_status":"closed","ping_status":"closed","template":"","meta":{"_acf_changed":false,"footnotes":""},"class_list":["post-1176","page","type-page","status-publish","hentry"],"acf":[],"_links":{"self":[{"href":"https:\/\/www.taservices.com\/es\/wp-json\/wp\/v2\/pages\/1176","targetHints":{"allow":["GET"]}}],"collection":[{"href":"https:\/\/www.taservices.com\/es\/wp-json\/wp\/v2\/pages"}],"about":[{"href":"https:\/\/www.taservices.com\/es\/wp-json\/wp\/v2\/types\/page"}],"author":[{"embeddable":true,"href":"https:\/\/www.taservices.com\/es\/wp-json\/wp\/v2\/users\/4"}],"replies":[{"embeddable":true,"href":"https:\/\/www.taservices.com\/es\/wp-json\/wp\/v2\/comments?post=1176"}],"version-history":[{"count":0,"href":"https:\/\/www.taservices.com\/es\/wp-json\/wp\/v2\/pages\/1176\/revisions"}],"wp:attachment":[{"href":"https:\/\/www.taservices.com\/es\/wp-json\/wp\/v2\/media?parent=1176"}],"curies":[{"name":"wp","href":"https:\/\/api.w.org\/{rel}","templated":true}]}}